{"id":2303,"date":"2021-03-15T10:25:22","date_gmt":"2021-03-15T09:25:22","guid":{"rendered":"http:\/\/prouchet-dalla-costa.fr\/\/?page_id=2303"},"modified":"2023-10-26T12:26:53","modified_gmt":"2023-10-26T11:26:53","slug":"a-propos","status":"publish","type":"page","link":"http:\/\/prouchet-dalla-costa.fr\/espanol\/a-propos\/","title":{"rendered":"Biograf\u00eda"},"content":{"rendered":"<div data-elementor-type=\"wp-page\" data-elementor-id=\"2303\" class=\"elementor elementor-2303\">\n\t\t\t\t\t\t<section class=\"elementor-section elementor-top-section elementor-element elementor-element-29f15c84 elementor-section-boxed elementor-section-height-default elementor-section-height-default gs-locked-section-no\" data-id=\"29f15c84\" data-element_type=\"section\" data-e-type=\"section\">\n\t\t\t\t\t\t<div class=\"elementor-container elementor-column-gap-default\">\n\t\t\t\t\t<div class=\"elementor-column elementor-col-100 elementor-top-column elementor-element elementor-element-286f01cf\" data-id=\"286f01cf\" data-element_type=\"column\" data-e-type=\"column\">\n\t\t\t<div class=\"elementor-widget-wrap elementor-element-populated\">\n\t\t\t\t\t\t<section class=\"elementor-section elementor-inner-section elementor-element elementor-element-2a4198e2 elementor-section-content-middle elementor-section-boxed elementor-section-height-default elementor-section-height-default gs-locked-section-no\" data-id=\"2a4198e2\" data-element_type=\"section\" data-e-type=\"section\">\n\t\t\t\t\t\t<div class=\"elementor-container elementor-column-gap-wider\">\n\t\t\t\t\t<div class=\"elementor-column elementor-col-50 elementor-inner-column elementor-element elementor-element-7922e0fc\" data-id=\"7922e0fc\" data-element_type=\"column\" data-e-type=\"column\">\n\t\t\t<div class=\"elementor-widget-wrap elementor-element-populated\">\n\t\t\t\t\t\t<div class=\"elementor-element elementor-element-14955e22 elementor-widget elementor-widget-image\" data-id=\"14955e22\" data-element_type=\"widget\" data-e-type=\"widget\" data-widget_type=\"image.default\">\n\t\t\t\t<div class=\"elementor-widget-container\">\n\t\t\t\t\t\t\t\t\t\t\t\t\t\t\t<img fetchpriority=\"high\" decoding=\"async\" width=\"500\" height=\"700\" src=\"https:\/\/prouchet-dalla-costa.fr\/wp-content\/uploads\/2021\/03\/portrait-emilie-big-500x700.jpg\" class=\"attachment-grada-img-size-tall size-grada-img-size-tall wp-image-2306\" alt=\"Portrait \u00c9milie Prouchet-Dalla Costa\" srcset=\"https:\/\/prouchet-dalla-costa.fr\/wp-content\/uploads\/2021\/03\/portrait-emilie-big.jpg 500w, https:\/\/prouchet-dalla-costa.fr\/wp-content\/uploads\/2021\/03\/portrait-emilie-big-214x300.jpg 214w\" sizes=\"(max-width: 500px) 100vw, 500px\" \/>\t\t\t\t\t\t\t\t\t\t\t\t\t\t\t<\/div>\n\t\t\t\t<\/div>\n\t\t\t\t\t<\/div>\n\t\t<\/div>\n\t\t\t\t<div class=\"elementor-column elementor-col-50 elementor-inner-column elementor-element elementor-element-606c31f7\" data-id=\"606c31f7\" data-element_type=\"column\" data-e-type=\"column\">\n\t\t\t<div class=\"elementor-widget-wrap elementor-element-populated\">\n\t\t\t\t\t\t<div class=\"elementor-element elementor-element-11e5be8 elementor-widget elementor-widget-heading\" data-id=\"11e5be8\" data-element_type=\"widget\" data-e-type=\"widget\" data-widget_type=\"heading.default\">\n\t\t\t\t<div class=\"elementor-widget-container\">\n\t\t\t\t\t<h2 class=\"elementor-heading-title elementor-size-default\">\u00c9milie Prouchet-Dalla Costa<\/h2>\t\t\t\t<\/div>\n\t\t\t\t<\/div>\n\t\t\t\t<div class=\"elementor-element elementor-element-c818f02 elementor-widget elementor-widget-text-editor\" data-id=\"c818f02\" data-element_type=\"widget\" data-e-type=\"widget\" data-widget_type=\"text-editor.default\">\n\t\t\t\t<div class=\"elementor-widget-container\">\n\t\t\t\t\t\t\t\t\t<p>Emilie Prouchet-Dalla Costa es una escultora nacida en 1984. Vive y trabaja en N\u00e8grepelisse, en Occitania Francia<\/p><p>Orienta su pr\u00e1ctica hacia la escultura monumental in situ, con el fin de abrir un di\u00e1logo entre el arte y el entorno. Fuertemente influenciada por los ritos y las costumbres arcaicas, consigue construir un universo entre la fuerza y la fragilidad, donde el acero corten se mezcla con el vidrio soplado. Impl\u00edcitamente, su obra destaca referencias cient\u00edficas, arqueol\u00f3gicas o m\u00e9dicas.<\/p>\t\t\t\t\t\t\t\t<\/div>\n\t\t\t\t<\/div>\n\t\t\t\t<div class=\"elementor-element elementor-element-08dc8b8 elementor-widget elementor-widget-text-editor\" data-id=\"08dc8b8\" data-element_type=\"widget\" data-e-type=\"widget\" data-widget_type=\"text-editor.default\">\n\t\t\t\t<div class=\"elementor-widget-container\">\n\t\t\t\t\t\t\t\t\t<h4>ENSEIGNEMENT<\/h4><div class=\"page\" title=\"Page 2\"><div class=\"layoutArea\"><div class=\"column\"><p>De 2015 a\u0300 2022,elle a enseigne\u0301 a\u0300 l\u2019Universite\u0301 Jean Jaures les arts plastiques et le design avant de se consacrer a\u0300 la sculpture.<\/p><\/div><\/div><\/div><div class=\"page\" title=\"Page 2\"><div class=\"layoutArea\"><div class=\"column\"><p>Tres attache\u0301e a\u0300 sa terre natale, elle est aussi agricultrice, installe\u0301e sur le domaine familial.<\/p><\/div><\/div><\/div>\t\t\t\t\t\t\t\t<\/div>\n\t\t\t\t<\/div>\n\t\t\t\t<div class=\"elementor-element elementor-element-8e507be elementor-widget elementor-widget-text-editor\" data-id=\"8e507be\" data-element_type=\"widget\" data-e-type=\"widget\" data-widget_type=\"text-editor.default\">\n\t\t\t\t<div class=\"elementor-widget-container\">\n\t\t\t\t\t\t\t\t\t<div class=\"page\" title=\"Page 3\"><div class=\"layoutArea\"><div class=\"column\"><h4>COMMANDES PUBLIQUES ET PRIV\u00c9ES<\/h4><p>2<b>023<\/b>:<\/p><p>Cap nord Martinique . \u201cKalinango \u201c sculpture monumentale r\u00e9alis\u00e9e \u00a0lors du concours international lanc\u00e9 pour le jardin des imaginaires sur le site arch\u00e9ologique \u00a0du Lorrain -Martinique \u00a0<\/p><p><b>2022<\/b> :\u00a0<\/p><p>Eiffage Immobilier .\u201cAurora\u201d , sculpture monumentale pour un complexe immobilier \u00e0 Asnieres-sur-Seine<\/p><p><b>2021<\/b> :Conseil D\u00e9partemental de Tarn et Garonne . \u201cA Simone \u201c,portrait de Simone Veil pour le coll\u00e8ge de Verdun-sur-Garonne.<\/p><p><b>2020<\/b> :<\/p><p>Conseil Departemental de l\u2019Aisne .Resilience\u201d,oeuvre comm\u00e9morative de la bataille de France pour la ville de Montcornet.<\/p><p><b>2019<\/b> :<\/p><p>Ville de Montauban: Les Fleches d\u2019Heracles\u201d pour les all\u00e9es Mortarieu \u00e0 Montauban\u00a0<\/p><p><b>2018:<\/b><\/p><p>Commune de Parisot: Sculpture comm\u00e9morative des deux guerres Mondiales<\/p><p><b>2017<\/b> :<\/p><p>\u00a0Ville de Tournefeuille : \u201cRa.Yo \u201c,sculpture monumentale pour le lac de l\u2019Oustalet<\/p><p><b>2016<\/b> :<\/p><p>\u00a0Commande de son altesse le Sheikh Mansour pour les troph\u00e9es pour les championnats du monde d\u2019endurance \u00e9questre &#8211; Abu Dhabi, \u00c9mirats Arabes Unis.<\/p><p><b>2015<\/b> :<\/p><p>\u00a0Commune de Saint Vincent: R\u00e9alisation d\u2019un monument souvenir pour le centenaire de la guerre de 1914\/1918.<\/p><p><b>2012<\/b> :<\/p><p>\u00a0R\u00e9alisation au titre du 1% artistique d\u2019en chemin, sculpture monu- mentale pour le Lyc\u00e9e professionnel de Valence d\u2019Agen.<\/p><p><b>2010<\/b> :<br \/>\u00a0Ville de Negrepelisse :\u201d\u00c0 la source\u201d, sculpture monumentale pour la Place des Potiers.<\/p><\/div><\/div><\/div><div class=\"page\" title=\"Page 3\"><div class=\"layoutArea\"><div class=\"column\"><div class=\"page\" title=\"Page 3\"><div class=\"layoutArea\"><div class=\"column\">\u00a0<\/div><\/div><\/div><\/div><\/div><\/div><div>\u00a0<\/div>\t\t\t\t\t\t\t\t<\/div>\n\t\t\t\t<\/div>\n\t\t\t\t<div class=\"elementor-element elementor-element-57a656f elementor-widget elementor-widget-text-editor\" data-id=\"57a656f\" data-element_type=\"widget\" data-e-type=\"widget\" data-widget_type=\"text-editor.default\">\n\t\t\t\t<div class=\"elementor-widget-container\">\n\t\t\t\t\t\t\t\t\t<h4>EXPOSITIONS<\/h4><div class=\"page\" title=\"Page 5\"><div class=\"layoutArea\"><div class=\"column\"><p><strong>2022<\/strong><\/p><div class=\"page\" title=\"Page 3\"><div class=\"layoutArea\"><div class=\"column\"><p>\u00a0Exposition personnelle: Espace des Augustins -Montauban<\/p><\/div><\/div><\/div><p><strong>2019<\/strong>:<\/p><p>\u00a0Exposition collective- Art Graulhet &#8211; Graulhet<\/p><p><strong>2018<\/strong> :<\/p><p>\u00a0Exposition collective de sculptures monumentales &#8211; Les entrepreneursmecenes- Chateaubourg<\/p><p>\u00a0Exposition de l\u2019installation artistico- medicale : Le voyage au coeur du sein -Parvis de la De\u0301fense -Paris<\/p><p>\u00a0Exposition collective \u201cLes Bleuite\u0301es\u201d &#8211; Atelier Blanc &#8211; Villefranche deRouergue<\/p><p><strong>2017 :<\/strong><\/p><p>\u00a0Exposition personelle Galerie Concha de Nazelle- Toulouse<br \/>\u00a0Exposition au salon d\u2019art contemporain &#8211; Parc des expositions- Toulouse<\/p><p><strong>2016<\/strong> :<\/p><p>\u00a0Exposition personnelle Institut Culturel Bernard Magrez &#8211; Bordeaux.<\/p><p><strong>2015<\/strong> :<\/p><p>\u00a0Exposition collective Espace Bourdelle -Montauban-<\/p><p><strong>2014<\/strong> :<\/p><p>\u00a0Exposition de Voyage au c\u0153ur du sein, installation itine\u0301rante pour lapre\u0301vention des cancers du sein, Place du Capitole-Toulouse.<\/p><p><strong>2013<\/strong> :<\/p><p>\u00a0Collaboration avec Matali Crasset pour la re\u0301alisation du \u00ab Bois de Sharewood\u00bb, Centre d\u2019art et de design -La cuisine- Ne\u0300grepelisse.<\/p><p><strong>2011<\/strong> :<\/p><p>\u00a0Se\u0301lection exposition Agora Gallery-Chelsea, New York. 2010\u00a0<\/p><p>\u00a0Exposition collective galerie Terre de art &#8211; Paris<\/p><\/div><\/div><\/div><div>\u00a0<\/div><div>\u00a0<\/div>\t\t\t\t\t\t\t\t<\/div>\n\t\t\t\t<\/div>\n\t\t\t\t<div class=\"elementor-element elementor-element-6ed1b758 elementor-widget elementor-widget-button\" data-id=\"6ed1b758\" data-element_type=\"widget\" data-e-type=\"widget\" data-widget_type=\"button.default\">\n\t\t\t\t<div class=\"elementor-widget-container\">\n\t\t\t\t\t\t\t\t\t<div class=\"elementor-button-wrapper\">\n\t\t\t\t\t<a class=\"elementor-button elementor-button-link elementor-size-md\" href=\"http:\/\/prouchet-dalla-costa.fr\/espanol\/contact\/\">\n\t\t\t\t\t\t<span class=\"elementor-button-content-wrapper\">\n\t\t\t\t\t\t\t\t\t<span class=\"elementor-button-text\">contactez-moi<\/span>\n\t\t\t\t\t<\/span>\n\t\t\t\t\t<\/a>\n\t\t\t\t<\/div>\n\t\t\t\t\t\t\t\t<\/div>\n\t\t\t\t<\/div>\n\t\t\t\t\t<\/div>\n\t\t<\/div>\n\t\t\t\t\t<\/div>\n\t\t<\/section>\n\t\t\t\t\t<\/div>\n\t\t<\/div>\n\t\t\t\t\t<\/div>\n\t\t<\/section>\n\t\t\t\t<\/div>","protected":false},"excerpt":{"rendered":"<p>\u00c9milie Prouchet-Dalla Costa Emilie Prouchet-Dalla Costa est une artiste sculpteur n\u00e9e en 1984. Elle vit et travaille \u00e0 N\u00e8grepelisse, en Occitanie . Elle&#8230;<\/p>","protected":false},"author":2,"featured_media":0,"parent":0,"menu_order":0,"comment_status":"closed","ping_status":"closed","template":"","meta":{"_acf_changed":false,"_monsterinsights_skip_tracking":false,"_monsterinsights_sitenote_active":false,"_monsterinsights_sitenote_note":"","_monsterinsights_sitenote_category":0,"footnotes":""},"class_list":["post-2303","page","type-page","status-publish","hentry"],"acf":[],"_links":{"self":[{"href":"http:\/\/prouchet-dalla-costa.fr\/espanol\/wp-json\/wp\/v2\/pages\/2303","targetHints":{"allow":["GET"]}}],"collection":[{"href":"http:\/\/prouchet-dalla-costa.fr\/espanol\/wp-json\/wp\/v2\/pages"}],"about":[{"href":"http:\/\/prouchet-dalla-costa.fr\/espanol\/wp-json\/wp\/v2\/types\/page"}],"author":[{"embeddable":true,"href":"http:\/\/prouchet-dalla-costa.fr\/espanol\/wp-json\/wp\/v2\/users\/2"}],"replies":[{"embeddable":true,"href":"http:\/\/prouchet-dalla-costa.fr\/espanol\/wp-json\/wp\/v2\/comments?post=2303"}],"version-history":[{"count":24,"href":"http:\/\/prouchet-dalla-costa.fr\/espanol\/wp-json\/wp\/v2\/pages\/2303\/revisions"}],"predecessor-version":[{"id":3099,"href":"http:\/\/prouchet-dalla-costa.fr\/espanol\/wp-json\/wp\/v2\/pages\/2303\/revisions\/3099"}],"wp:attachment":[{"href":"http:\/\/prouchet-dalla-costa.fr\/espanol\/wp-json\/wp\/v2\/media?parent=2303"}],"curies":[{"name":"wp","href":"https:\/\/api.w.org\/{rel}","templated":true}]}}